{"id":296,"date":"2020-05-19T16:52:52","date_gmt":"2020-05-19T16:52:52","guid":{"rendered":"http:\/\/mauroweb.cl\/?page_id=296"},"modified":"2023-04-20T05:32:40","modified_gmt":"2023-04-20T05:32:40","slug":"teletrabajo","status":"publish","type":"page","link":"https:\/\/mauroweb.cl\/index.php\/teletrabajo\/","title":{"rendered":"TELETRABAJO"},"content":{"rendered":"<p>[et_pb_section fb_built=&#8221;1&#8243; _builder_version=&#8221;4.20.4&#8243; _module_preset=&#8221;default&#8221; ab_subject=&#8221;on&#8221; ab_subject_id=&#8221;1&#8243; ab_goal=&#8221;on&#8221; global_colors_info=&#8221;{}&#8221;][et_pb_row column_structure=&#8221;1_4,3_4&#8243; _builder_version=&#8221;4.20.4&#8243; _module_preset=&#8221;default&#8221; global_colors_info=&#8221;{}&#8221;][et_pb_column type=&#8221;1_4&#8243; _builder_version=&#8221;4.20.4&#8243; _module_preset=&#8221;default&#8221; global_colors_info=&#8221;{}&#8221;][et_pb_image src=&#8221;https:\/\/mauroweb.cl\/wp-content\/uploads\/2019\/10\/F860C5C2-296A-4E41-9007-84802A0D1B49.jpg&#8221; title_text=&#8221;F860C5C2-296A-4E41-9007-84802A0D1B49&#8243; _builder_version=&#8221;4.20.4&#8243; _module_preset=&#8221;default&#8221; global_colors_info=&#8221;{}&#8221;][\/et_pb_image][et_pb_image src=&#8221;https:\/\/mauroweb.cl\/wp-content\/uploads\/2019\/10\/1f0927c6-557b-4d9a-9ffb-76efc8eee9c4.jpg&#8221; title_text=&#8221;1f0927c6-557b-4d9a-9ffb-76efc8eee9c4&#8243; _builder_version=&#8221;4.20.4&#8243; _module_preset=&#8221;default&#8221; global_colors_info=&#8221;{}&#8221;][\/et_pb_image][et_pb_image src=&#8221;https:\/\/mauroweb.cl\/wp-content\/uploads\/2019\/10\/IMG_7688.jpg&#8221; title_text=&#8221;IMG_7688&#8243; _builder_version=&#8221;4.20.4&#8243; _module_preset=&#8221;default&#8221; global_colors_info=&#8221;{}&#8221;][\/et_pb_image][et_pb_image src=&#8221;https:\/\/mauroweb.cl\/wp-content\/uploads\/2019\/10\/IMG_9573.jpg&#8221; title_text=&#8221;IMG_9573&#8243; _builder_version=&#8221;4.20.4&#8243; _module_preset=&#8221;default&#8221; global_colors_info=&#8221;{}&#8221;][\/et_pb_image][et_pb_image src=&#8221;https:\/\/mauroweb.cl\/wp-content\/uploads\/2019\/10\/IMG_4245.png&#8221; title_text=&#8221;IMG_4245&#8243; _builder_version=&#8221;4.20.4&#8243; _module_preset=&#8221;default&#8221; global_colors_info=&#8221;{}&#8221;][\/et_pb_image][\/et_pb_column][et_pb_column type=&#8221;3_4&#8243; _builder_version=&#8221;4.20.4&#8243; _module_preset=&#8221;default&#8221; global_colors_info=&#8221;{}&#8221;][et_pb_text _builder_version=&#8221;4.20.4&#8243; _module_preset=&#8221;default&#8221; header_3_font_size=&#8221;40px&#8221; custom_margin=&#8221;|-53px||||&#8221; custom_padding=&#8221;|||0px||&#8221; hover_enabled=&#8221;0&#8243; global_colors_info=&#8221;{}&#8221; animation_style=&#8221;flip&#8221; animation_duration=&#8221;1700ms&#8221; sticky_enabled=&#8221;0&#8243;]<\/p>\n<div id=\"page-container\" class=\"et-animated-content\">\n<div id=\"et-main-area\">\n<div id=\"main-content\">\n<div class=\"container\">\n<div id=\"content-area\" class=\"clearfix\">\n<div id=\"left-area\">\n<article id=\"post-296\" class=\"post-296 page type-page status-publish hentry\">\n<div class=\"entry-content\">\n<h5><\/h5>\n<h1><b>Servicio de Streaming<\/b><\/h1>\n<h1>Transmisi\u00f3n v\u00eda streaming de eventos en vivo<\/h1>\n<p>Contamos con la experiencia, equipamiento, capacidad y conocimientos para hacer que tu evento sea visto desde cualquier parte del mundo y en cualquier dispositivo.<\/p>\n<p>Grabamos y transmitimos en tiempo real eventos corporativos, charlas, conferencias, seminarios, eventos deportivos, presentaci\u00f3n de productos, recitales, obras de teatro y m\u00e1s&#8230;.<b><span>\u00a0<\/span>tu tienes un contenido.. nosotros lo transmitimos!<\/b><\/p>\n<p><b>En MaurowebSPA estamos dedicados a la transmis\u00f3n de eventos via internet conferencias y grabacion de todo tipo de eventos.<\/b><\/p>\n<p>&nbsp;<\/p>\n<\/div>\n<\/article>\n<\/div>\n<\/div>\n<\/div>\n<\/div>\n<\/div>\n<\/div>\n<div id=\"qlwapp\" class=\"qlwapp-free qlwapp-button qlwapp-bottom-right qlwapp-all qlwapp-rounded qlwapp-js-ready desktop\">\n<div class=\"qlwapp-container\"><a class=\"qlwapp-toggle\" data-action=\"open\" data-phone=\"56963469922\" data-message=\"Hola, Necesito cotizar uno de tus productos !!\" target=\"_blank\" rel=\"noopener\"><i class=\"qlwapp-icon qlwapp-whatsapp-icon\"><\/i><span class=\"qlwapp-text\">Chatea Conmigo !!<\/span><\/a><\/div>\n<\/div>\n<p>[\/et_pb_text][\/et_pb_column][\/et_pb_row][\/et_pb_section][et_pb_section fb_built=&#8221;1&#8243; _builder_version=&#8221;4.20.4&#8243; _module_preset=&#8221;default&#8221; ab_subject=&#8221;on&#8221; ab_subject_id=&#8221;2&#8243; ab_goal=&#8221;on&#8221; global_colors_info=&#8221;{}&#8221;][et_pb_row _builder_version=&#8221;4.20.4&#8243; _module_preset=&#8221;default&#8221; global_colors_info=&#8221;{}&#8221;][et_pb_column type=&#8221;4_4&#8243; _builder_version=&#8221;4.20.4&#8243; _module_preset=&#8221;default&#8221; global_colors_info=&#8221;{}&#8221;][et_pb_image src=&#8221;https:\/\/mauroweb.cl\/wp-content\/uploads\/2020\/05\/teletrab6-scaled.jpg&#8221; title_text=&#8221;teletrab6&#8243; _builder_version=&#8221;4.20.4&#8243; _module_preset=&#8221;default&#8221; global_colors_info=&#8221;{}&#8221;][\/et_pb_image][\/et_pb_column][\/et_pb_row][\/et_pb_section]<\/p>\n","protected":false},"excerpt":{"rendered":"<p>Servicio de Streaming Transmisi\u00f3n v\u00eda streaming de eventos en vivo Contamos con la experiencia, equipamiento, capacidad y conocimientos para hacer que tu evento sea visto desde cualquier parte del mundo y en cualquier dispositivo. Grabamos y transmitimos en tiempo real eventos corporativos, charlas, conferencias, seminarios, eventos deportivos, presentaci\u00f3n de productos, recitales, obras de teatro y [&hellip;]<\/p>\n","protected":false},"author":1,"featured_media":0,"parent":0,"menu_order":0,"comment_status":"closed","ping_status":"closed","template":"","meta":{"_et_pb_use_builder":"on","_et_pb_old_content":"<img width=\"1024\" height=\"445\" src=\"https:\/\/mauroweb.cl\/wp-content\/uploads\/2020\/05\/Captura-de-Pantalla-2020-05-19-a-las-15.52.09-1024x445.png\" alt=\"\" srcset=\"https:\/\/mauroweb.cl\/wp-content\/uploads\/2020\/05\/Captura-de-Pantalla-2020-05-19-a-las-15.52.09-1024x445.png 1024w, https:\/\/mauroweb.cl\/wp-content\/uploads\/2020\/05\/Captura-de-Pantalla-2020-05-19-a-las-15.52.09-300x130.png 300w, https:\/\/mauroweb.cl\/wp-content\/uploads\/2020\/05\/Captura-de-Pantalla-2020-05-19-a-las-15.52.09-768x334.png 768w, https:\/\/mauroweb.cl\/wp-content\/uploads\/2020\/05\/Captura-de-Pantalla-2020-05-19-a-las-15.52.09-830x360.png 830w, https:\/\/mauroweb.cl\/wp-content\/uploads\/2020\/05\/Captura-de-Pantalla-2020-05-19-a-las-15.52.09-230x100.png 230w, https:\/\/mauroweb.cl\/wp-content\/uploads\/2020\/05\/Captura-de-Pantalla-2020-05-19-a-las-15.52.09-350x152.png 350w, https:\/\/mauroweb.cl\/wp-content\/uploads\/2020\/05\/Captura-de-Pantalla-2020-05-19-a-las-15.52.09-480x208.png 480w, https:\/\/mauroweb.cl\/wp-content\/uploads\/2020\/05\/Captura-de-Pantalla-2020-05-19-a-las-15.52.09.png 1294w\" sizes=\"(max-width: 1024px) 100vw, 1024px\">\n<img width=\"730\" height=\"250\" src=\"https:\/\/mauroweb.cl\/wp-content\/uploads\/2020\/05\/encuesta-teletrabajo.jpg\" alt=\"\" srcset=\"https:\/\/mauroweb.cl\/wp-content\/uploads\/2020\/05\/encuesta-teletrabajo.jpg 730w, https:\/\/mauroweb.cl\/wp-content\/uploads\/2020\/05\/encuesta-teletrabajo-300x103.jpg 300w, https:\/\/mauroweb.cl\/wp-content\/uploads\/2020\/05\/encuesta-teletrabajo-230x79.jpg 230w, https:\/\/mauroweb.cl\/wp-content\/uploads\/2020\/05\/encuesta-teletrabajo-350x120.jpg 350w, https:\/\/mauroweb.cl\/wp-content\/uploads\/2020\/05\/encuesta-teletrabajo-480x164.jpg 480w\" sizes=\"(max-width: 730px) 100vw, 730px\">\n<h5>NECESITAS ASEOR\u00cdA EN TELETRABAJO ?<\/h5>\n<ul>\n \t<li>Problemas de conexi\u00f3n a ZOOM o MEET ?<\/li>\n \t<li>Necesita capacitarse para sus clases ?<\/li>\n \t<li>No sabe c\u00f3mo moderar una clase ?<\/li>\n \t<li>Como hacer una videoconferencia efectiva y de calidad<\/li>\n \t<li>Uso del tel\u00e9fono para una videoconferencia<\/li>\n \t<li>Como obtener mas espacio en el celular ?<\/li>\n \t<li>Que es la nube ?<\/li>\n \t<li>Como grabo mi clase ?<\/li>\n \t<li>Necesito hacer un video explicativo.<\/li>\n<\/ul>\n<h5>*Todas las dudas, consultas, informaci\u00f3n y ense\u00f1anza, estoy dispuesto a resolverlas en linea, para que pueda quedar al d\u00eda en todo la tecnolog\u00eda que hoy en d\u00eda se requiere.<\/h5>\n<img width=\"1024\" height=\"769\" src=\"https:\/\/mauroweb.cl\/wp-content\/uploads\/2020\/05\/TELETRABA1-1024x769.jpg\" alt=\"\" srcset=\"https:\/\/mauroweb.cl\/wp-content\/uploads\/2020\/05\/TELETRABA1-1024x769.jpg 1024w, https:\/\/mauroweb.cl\/wp-content\/uploads\/2020\/05\/TELETRABA1-300x225.jpg 300w, https:\/\/mauroweb.cl\/wp-content\/uploads\/2020\/05\/TELETRABA1-768x577.jpg 768w, https:\/\/mauroweb.cl\/wp-content\/uploads\/2020\/05\/TELETRABA1-1536x1154.jpg 1536w, https:\/\/mauroweb.cl\/wp-content\/uploads\/2020\/05\/TELETRABA1-2048x1539.jpg 2048w, https:\/\/mauroweb.cl\/wp-content\/uploads\/2020\/05\/TELETRABA1-830x624.jpg 830w, https:\/\/mauroweb.cl\/wp-content\/uploads\/2020\/05\/TELETRABA1-230x173.jpg 230w, https:\/\/mauroweb.cl\/wp-content\/uploads\/2020\/05\/TELETRABA1-350x263.jpg 350w, https:\/\/mauroweb.cl\/wp-content\/uploads\/2020\/05\/TELETRABA1-480x361.jpg 480w\" sizes=\"(max-width: 1024px) 100vw, 1024px\">\n<img width=\"1024\" height=\"711\" src=\"https:\/\/mauroweb.cl\/wp-content\/uploads\/2020\/05\/teletrab4-1024x711.jpg\" alt=\"\" srcset=\"https:\/\/mauroweb.cl\/wp-content\/uploads\/2020\/05\/teletrab4-1024x711.jpg 1024w, https:\/\/mauroweb.cl\/wp-content\/uploads\/2020\/05\/teletrab4-300x208.jpg 300w, https:\/\/mauroweb.cl\/wp-content\/uploads\/2020\/05\/teletrab4-768x533.jpg 768w, https:\/\/mauroweb.cl\/wp-content\/uploads\/2020\/05\/teletrab4-1536x1066.jpg 1536w, https:\/\/mauroweb.cl\/wp-content\/uploads\/2020\/05\/teletrab4-2048x1422.jpg 2048w, https:\/\/mauroweb.cl\/wp-content\/uploads\/2020\/05\/teletrab4-830x576.jpg 830w, https:\/\/mauroweb.cl\/wp-content\/uploads\/2020\/05\/teletrab4-230x160.jpg 230w, https:\/\/mauroweb.cl\/wp-content\/uploads\/2020\/05\/teletrab4-350x243.jpg 350w, https:\/\/mauroweb.cl\/wp-content\/uploads\/2020\/05\/teletrab4-480x333.jpg 480w\" sizes=\"(max-width: 1024px) 100vw, 1024px\">\n<img width=\"1024\" height=\"683\" src=\"https:\/\/mauroweb.cl\/wp-content\/uploads\/2020\/05\/teletrab9-1024x683.jpg\" alt=\"\" srcset=\"https:\/\/mauroweb.cl\/wp-content\/uploads\/2020\/05\/teletrab9-1024x683.jpg 1024w, https:\/\/mauroweb.cl\/wp-content\/uploads\/2020\/05\/teletrab9-300x200.jpg 300w, https:\/\/mauroweb.cl\/wp-content\/uploads\/2020\/05\/teletrab9-768x512.jpg 768w, https:\/\/mauroweb.cl\/wp-content\/uploads\/2020\/05\/teletrab9-1536x1024.jpg 1536w, https:\/\/mauroweb.cl\/wp-content\/uploads\/2020\/05\/teletrab9-2048x1365.jpg 2048w, https:\/\/mauroweb.cl\/wp-content\/uploads\/2020\/05\/teletrab9-830x553.jpg 830w, https:\/\/mauroweb.cl\/wp-content\/uploads\/2020\/05\/teletrab9-230x153.jpg 230w, https:\/\/mauroweb.cl\/wp-content\/uploads\/2020\/05\/teletrab9-350x233.jpg 350w, https:\/\/mauroweb.cl\/wp-content\/uploads\/2020\/05\/teletrab9-480x320.jpg 480w\" sizes=\"(max-width: 1024px) 100vw, 1024px\">\n<img width=\"1024\" height=\"512\" src=\"https:\/\/mauroweb.cl\/wp-content\/uploads\/2020\/05\/blg-20.01.30-videoconferencing-comparison-1024x512.png\" alt=\"\" srcset=\"https:\/\/mauroweb.cl\/wp-content\/uploads\/2020\/05\/blg-20.01.30-videoconferencing-comparison-1024x512.png 1024w, https:\/\/mauroweb.cl\/wp-content\/uploads\/2020\/05\/blg-20.01.30-videoconferencing-comparison-300x150.png 300w, https:\/\/mauroweb.cl\/wp-content\/uploads\/2020\/05\/blg-20.01.30-videoconferencing-comparison-768x384.png 768w, https:\/\/mauroweb.cl\/wp-content\/uploads\/2020\/05\/blg-20.01.30-videoconferencing-comparison-830x415.png 830w, https:\/\/mauroweb.cl\/wp-content\/uploads\/2020\/05\/blg-20.01.30-videoconferencing-comparison-230x115.png 230w, https:\/\/mauroweb.cl\/wp-content\/uploads\/2020\/05\/blg-20.01.30-videoconferencing-comparison-350x175.png 350w, https:\/\/mauroweb.cl\/wp-content\/uploads\/2020\/05\/blg-20.01.30-videoconferencing-comparison-480x240.png 480w, https:\/\/mauroweb.cl\/wp-content\/uploads\/2020\/05\/blg-20.01.30-videoconferencing-comparison.png 1200w\" sizes=\"(max-width: 1024px) 100vw, 1024px\">\n<a href=\"https:\/\/www.icare.cl\/assets\/uploads\/2020\/03\/recomendaciones_teletrabajo.pdf\">\n<img width=\"1024\" height=\"468\" src=\"https:\/\/mauroweb.cl\/wp-content\/uploads\/2020\/05\/pisocial8-1024x468.png\" alt=\"\" srcset=\"https:\/\/mauroweb.cl\/wp-content\/uploads\/2020\/05\/pisocial8-1024x468.png 1024w, https:\/\/mauroweb.cl\/wp-content\/uploads\/2020\/05\/pisocial8-300x137.png 300w, https:\/\/mauroweb.cl\/wp-content\/uploads\/2020\/05\/pisocial8-768x351.png 768w, https:\/\/mauroweb.cl\/wp-content\/uploads\/2020\/05\/pisocial8-830x380.png 830w, https:\/\/mauroweb.cl\/wp-content\/uploads\/2020\/05\/pisocial8-230x105.png 230w, https:\/\/mauroweb.cl\/wp-content\/uploads\/2020\/05\/pisocial8-350x160.png 350w, https:\/\/mauroweb.cl\/wp-content\/uploads\/2020\/05\/pisocial8-480x220.png 480w, https:\/\/mauroweb.cl\/wp-content\/uploads\/2020\/05\/pisocial8.png 1032w\" sizes=\"(max-width: 1024px) 100vw, 1024px\">\t\t\t\t\t\t\t\t<\/a>\n<img width=\"1024\" height=\"683\" src=\"https:\/\/mauroweb.cl\/wp-content\/uploads\/2020\/05\/teletrab-1024x683.jpg\" alt=\"\" srcset=\"https:\/\/mauroweb.cl\/wp-content\/uploads\/2020\/05\/teletrab-1024x683.jpg 1024w, https:\/\/mauroweb.cl\/wp-content\/uploads\/2020\/05\/teletrab-300x200.jpg 300w, https:\/\/mauroweb.cl\/wp-content\/uploads\/2020\/05\/teletrab-768x512.jpg 768w, https:\/\/mauroweb.cl\/wp-content\/uploads\/2020\/05\/teletrab-1536x1024.jpg 1536w, https:\/\/mauroweb.cl\/wp-content\/uploads\/2020\/05\/teletrab-2048x1365.jpg 2048w, https:\/\/mauroweb.cl\/wp-content\/uploads\/2020\/05\/teletrab-830x553.jpg 830w, https:\/\/mauroweb.cl\/wp-content\/uploads\/2020\/05\/teletrab-230x153.jpg 230w, https:\/\/mauroweb.cl\/wp-content\/uploads\/2020\/05\/teletrab-350x233.jpg 350w, https:\/\/mauroweb.cl\/wp-content\/uploads\/2020\/05\/teletrab-480x320.jpg 480w\" sizes=\"(max-width: 1024px) 100vw, 1024px\">\n<img width=\"425\" height=\"413\" src=\"https:\/\/mauroweb.cl\/wp-content\/uploads\/2017\/03\/mauroweb.png\" alt=\"\" srcset=\"https:\/\/mauroweb.cl\/wp-content\/uploads\/2017\/03\/mauroweb.png 425w, https:\/\/mauroweb.cl\/wp-content\/uploads\/2017\/03\/mauroweb-300x292.png 300w, https:\/\/mauroweb.cl\/wp-content\/uploads\/2017\/03\/mauroweb-230x224.png 230w, https:\/\/mauroweb.cl\/wp-content\/uploads\/2017\/03\/mauroweb-350x340.png 350w\" sizes=\"(max-width: 425px) 100vw, 425px\">","_et_gb_content_width":"","footnotes":""},"class_list":["post-296","page","type-page","status-publish","hentry"],"_links":{"self":[{"href":"https:\/\/mauroweb.cl\/index.php\/wp-json\/wp\/v2\/pages\/296","targetHints":{"allow":["GET"]}}],"collection":[{"href":"https:\/\/mauroweb.cl\/index.php\/wp-json\/wp\/v2\/pages"}],"about":[{"href":"https:\/\/mauroweb.cl\/index.php\/wp-json\/wp\/v2\/types\/page"}],"author":[{"embeddable":true,"href":"https:\/\/mauroweb.cl\/index.php\/wp-json\/wp\/v2\/users\/1"}],"replies":[{"embeddable":true,"href":"https:\/\/mauroweb.cl\/index.php\/wp-json\/wp\/v2\/comments?post=296"}],"version-history":[{"count":16,"href":"https:\/\/mauroweb.cl\/index.php\/wp-json\/wp\/v2\/pages\/296\/revisions"}],"predecessor-version":[{"id":454,"href":"https:\/\/mauroweb.cl\/index.php\/wp-json\/wp\/v2\/pages\/296\/revisions\/454"}],"wp:attachment":[{"href":"https:\/\/mauroweb.cl\/index.php\/wp-json\/wp\/v2\/media?parent=296"}],"curies":[{"name":"wp","href":"https:\/\/api.w.org\/{rel}","templated":true}]}}