{"id":37,"date":"2017-03-04T04:05:19","date_gmt":"2017-03-04T04:05:19","guid":{"rendered":"http:\/\/mauroweb.cl\/?page_id=37"},"modified":"2020-03-26T23:02:50","modified_gmt":"2020-03-26T23:02:50","slug":"matrimonios","status":"publish","type":"page","link":"https:\/\/mauroweb.cl\/index.php\/matrimonios\/","title":{"rendered":"Fotograf\u00eda"},"content":{"rendered":"<p><em><strong>Embajada Indonesia<\/strong><\/em><img loading=\"lazy\" decoding=\"async\" src=\"https:\/\/mauroweb.cl\/wp-content\/uploads\/2017\/03\/49099491_2242221592687658_2292554178536407040_n.jpg\" alt=\"49099491_2242221592687658_2292554178536407040_n\" width=\"640\" height=\"960\">&nbsp;<em><b>Fiesta Gala Colegio Manquecura (quilicura)<\/b><\/em><a href=\"https:\/\/mauroweb.cl\/wp-content\/uploads\/2017\/03\/IMG_2171.jpg\"><img loading=\"lazy\" decoding=\"async\" src=\"https:\/\/mauroweb.cl\/wp-content\/uploads\/2017\/03\/IMG_2171.jpg\" alt=\"GALA MANQUECURA\" width=\"1024\" height=\"683\"><\/a>&nbsp;<strong><em>&nbsp;70 a\u00f1os INDURA<\/em><\/strong><img loading=\"lazy\" decoding=\"async\" src=\"https:\/\/mauroweb.cl\/wp-content\/uploads\/2017\/03\/IMG_1368-1024x683.jpg\" alt=\"EVENTO INDURA 70 A\u00d1OS\" width=\"1024\" height=\"683\">&nbsp;<strong><em>Matrimonio Ana &amp; Daniel<\/em><\/strong><img loading=\"lazy\" decoding=\"async\" src=\"https:\/\/mauroweb.cl\/wp-content\/uploads\/2017\/03\/matrimonioweb.jpg\" alt=\"matrimonioweb\" width=\"1920\" height=\"1280\"><img loading=\"lazy\" decoding=\"async\" src=\"https:\/\/mauroweb.cl\/wp-content\/uploads\/2017\/03\/E78A7A91-02DF-43F7-AFD1-4A3C174888B7.jpg\" alt=\"E78A7A91-02DF-43F7-AFD1-4A3C174888B7\" width=\"3724\" height=\"2096\"><img loading=\"lazy\" decoding=\"async\" src=\"https:\/\/mauroweb.cl\/wp-content\/uploads\/2017\/03\/IMG-5410.jpg\" alt=\"IMG-5410\" width=\"1920\" height=\"1280\"><a href=\"https:\/\/mauroweb.cl\/wp-content\/uploads\/2017\/03\/IMG-5430.jpg\"><img loading=\"lazy\" decoding=\"async\" src=\"https:\/\/mauroweb.cl\/wp-content\/uploads\/2017\/03\/IMG-5430.jpg\" alt=\"IMG-5430\" width=\"1920\" height=\"1280\"><\/a><img loading=\"lazy\" decoding=\"async\" src=\"https:\/\/mauroweb.cl\/wp-content\/uploads\/2017\/03\/matriweb2.jpg\" alt=\"matriweb2\" width=\"1920\" height=\"1280\"><\/p>\n<h2>Audio, Iluminaci\u00f3n, Pantallas led, Robot Led, VJ y DJ de todo para tu fiesta, evento, matrimonio, graduaci\u00f3n o lo que desees.<\/h2>\n<p><a href=\"https:\/\/mauroweb.cl\/wp-content\/uploads\/2019\/10\/1f0927c6-557b-4d9a-9ffb-76efc8eee9c4.jpg\" data-elementor-open-lightbox=\"default\" data-elementor-lightbox-slideshow=\"8422fa3\" data-elementor-lightbox-index=\"0\"><\/a><\/p>\n<p><a href=\"https:\/\/mauroweb.cl\/wp-content\/uploads\/2019\/10\/1f0927c6-557b-4d9a-9ffb-76efc8eee9c4.jpg\" data-elementor-open-lightbox=\"default\" data-elementor-lightbox-slideshow=\"8422fa3\" data-elementor-lightbox-index=\"0\"><\/p>\n<figure><img decoding=\"async\" src=\"https:\/\/mauroweb.cl\/wp-content\/uploads\/2019\/10\/1f0927c6-557b-4d9a-9ffb-76efc8eee9c4-150x150.jpg\" alt=\"1f0927c6-557b-4d9a-9ffb-76efc8eee9c4\"><\/figure>\n<p><\/a><a href=\"https:\/\/mauroweb.cl\/wp-content\/uploads\/2019\/10\/1f0927c6-557b-4d9a-9ffb-76efc8eee9c4.jpg\" data-elementor-open-lightbox=\"default\" data-elementor-lightbox-slideshow=\"8422fa3\" data-elementor-lightbox-index=\"0\"><\/a><a href=\"https:\/\/mauroweb.cl\/wp-content\/uploads\/2019\/10\/B114D8BB-7017-4792-9A9F-0E8D86BC3518.jpg\" data-elementor-open-lightbox=\"default\" data-elementor-lightbox-slideshow=\"8422fa3\" data-elementor-lightbox-index=\"1\"><\/a><\/p>\n<p><a href=\"https:\/\/mauroweb.cl\/wp-content\/uploads\/2019\/10\/B114D8BB-7017-4792-9A9F-0E8D86BC3518.jpg\" data-elementor-open-lightbox=\"default\" data-elementor-lightbox-slideshow=\"8422fa3\" data-elementor-lightbox-index=\"1\"><\/p>\n<figure><img decoding=\"async\" src=\"https:\/\/mauroweb.cl\/wp-content\/uploads\/2019\/10\/B114D8BB-7017-4792-9A9F-0E8D86BC3518-150x150.jpg\" alt=\"B114D8BB-7017-4792-9A9F-0E8D86BC3518\"><\/figure>\n<p><\/a><a href=\"https:\/\/mauroweb.cl\/wp-content\/uploads\/2019\/10\/B114D8BB-7017-4792-9A9F-0E8D86BC3518.jpg\" data-elementor-open-lightbox=\"default\" data-elementor-lightbox-slideshow=\"8422fa3\" data-elementor-lightbox-index=\"1\"><\/a><a href=\"https:\/\/mauroweb.cl\/wp-content\/uploads\/2019\/10\/D0923BF0-C0AC-4149-B506-B13DF00A398C.jpg\" data-elementor-open-lightbox=\"default\" data-elementor-lightbox-slideshow=\"8422fa3\" data-elementor-lightbox-index=\"2\"><\/a><\/p>\n<p><a href=\"https:\/\/mauroweb.cl\/wp-content\/uploads\/2019\/10\/D0923BF0-C0AC-4149-B506-B13DF00A398C.jpg\" data-elementor-open-lightbox=\"default\" data-elementor-lightbox-slideshow=\"8422fa3\" data-elementor-lightbox-index=\"2\"><\/p>\n<figure><img decoding=\"async\" src=\"https:\/\/mauroweb.cl\/wp-content\/uploads\/2019\/10\/D0923BF0-C0AC-4149-B506-B13DF00A398C-150x150.jpg\" alt=\"D0923BF0-C0AC-4149-B506-B13DF00A398C\"><\/figure>\n<p><\/a><a href=\"https:\/\/mauroweb.cl\/wp-content\/uploads\/2019\/10\/D0923BF0-C0AC-4149-B506-B13DF00A398C.jpg\" data-elementor-open-lightbox=\"default\" data-elementor-lightbox-slideshow=\"8422fa3\" data-elementor-lightbox-index=\"2\"><\/a><a href=\"https:\/\/mauroweb.cl\/wp-content\/uploads\/2019\/10\/D63711E0-B760-47C5-B6C5-5429D6099394.jpg\" data-elementor-open-lightbox=\"default\" data-elementor-lightbox-slideshow=\"8422fa3\" data-elementor-lightbox-index=\"3\"><\/a><\/p>\n<p><a href=\"https:\/\/mauroweb.cl\/wp-content\/uploads\/2019\/10\/D63711E0-B760-47C5-B6C5-5429D6099394.jpg\" data-elementor-open-lightbox=\"default\" data-elementor-lightbox-slideshow=\"8422fa3\" data-elementor-lightbox-index=\"3\"><\/p>\n<figure><img decoding=\"async\" src=\"https:\/\/mauroweb.cl\/wp-content\/uploads\/2019\/10\/D63711E0-B760-47C5-B6C5-5429D6099394-150x150.jpg\" alt=\"D63711E0-B760-47C5-B6C5-5429D6099394\"><\/figure>\n<p><\/a><a href=\"https:\/\/mauroweb.cl\/wp-content\/uploads\/2019\/10\/D63711E0-B760-47C5-B6C5-5429D6099394.jpg\" data-elementor-open-lightbox=\"default\" data-elementor-lightbox-slideshow=\"8422fa3\" data-elementor-lightbox-index=\"3\"><\/a><a href=\"https:\/\/mauroweb.cl\/wp-content\/uploads\/2019\/10\/F860C5C2-296A-4E41-9007-84802A0D1B49.jpg\" data-elementor-open-lightbox=\"default\" data-elementor-lightbox-slideshow=\"8422fa3\" data-elementor-lightbox-index=\"4\"><\/a><\/p>\n<p><a href=\"https:\/\/mauroweb.cl\/wp-content\/uploads\/2019\/10\/F860C5C2-296A-4E41-9007-84802A0D1B49.jpg\" data-elementor-open-lightbox=\"default\" data-elementor-lightbox-slideshow=\"8422fa3\" data-elementor-lightbox-index=\"4\"><\/p>\n<figure><img decoding=\"async\" src=\"https:\/\/mauroweb.cl\/wp-content\/uploads\/2019\/10\/F860C5C2-296A-4E41-9007-84802A0D1B49-150x150.jpg\" alt=\"F860C5C2-296A-4E41-9007-84802A0D1B49\"><\/figure>\n<p><\/a><a href=\"https:\/\/mauroweb.cl\/wp-content\/uploads\/2019\/10\/F860C5C2-296A-4E41-9007-84802A0D1B49.jpg\" data-elementor-open-lightbox=\"default\" data-elementor-lightbox-slideshow=\"8422fa3\" data-elementor-lightbox-index=\"4\"><\/a><a href=\"https:\/\/mauroweb.cl\/wp-content\/uploads\/2019\/10\/IMG_1538.jpg\" data-elementor-open-lightbox=\"default\" data-elementor-lightbox-slideshow=\"8422fa3\" data-elementor-lightbox-index=\"5\"><\/a><\/p>\n<p><a href=\"https:\/\/mauroweb.cl\/wp-content\/uploads\/2019\/10\/IMG_1538.jpg\" data-elementor-open-lightbox=\"default\" data-elementor-lightbox-slideshow=\"8422fa3\" data-elementor-lightbox-index=\"5\"><\/p>\n<figure><img decoding=\"async\" src=\"https:\/\/mauroweb.cl\/wp-content\/uploads\/2019\/10\/IMG_1538-150x150.jpg\" alt=\"IMG_1538\"><\/figure>\n<p><\/a><a href=\"https:\/\/mauroweb.cl\/wp-content\/uploads\/2019\/10\/IMG_1538.jpg\" data-elementor-open-lightbox=\"default\" data-elementor-lightbox-slideshow=\"8422fa3\" data-elementor-lightbox-index=\"5\"><\/a><a href=\"https:\/\/mauroweb.cl\/wp-content\/uploads\/2019\/10\/IMG_3397.jpg\" data-elementor-open-lightbox=\"default\" data-elementor-lightbox-slideshow=\"8422fa3\" data-elementor-lightbox-index=\"6\"><\/a><\/p>\n<p><a href=\"https:\/\/mauroweb.cl\/wp-content\/uploads\/2019\/10\/IMG_3397.jpg\" data-elementor-open-lightbox=\"default\" data-elementor-lightbox-slideshow=\"8422fa3\" data-elementor-lightbox-index=\"6\"><\/p>\n<figure><img decoding=\"async\" src=\"https:\/\/mauroweb.cl\/wp-content\/uploads\/2019\/10\/IMG_3397-150x150.jpg\" alt=\"IMG_3397\"><\/figure>\n<p><\/a><a href=\"https:\/\/mauroweb.cl\/wp-content\/uploads\/2019\/10\/IMG_3397.jpg\" data-elementor-open-lightbox=\"default\" data-elementor-lightbox-slideshow=\"8422fa3\" data-elementor-lightbox-index=\"6\"><\/a><a href=\"https:\/\/mauroweb.cl\/wp-content\/uploads\/2019\/10\/IMG_7688.jpg\" data-elementor-open-lightbox=\"default\" data-elementor-lightbox-slideshow=\"8422fa3\" data-elementor-lightbox-index=\"7\"><\/a><\/p>\n<p><a href=\"https:\/\/mauroweb.cl\/wp-content\/uploads\/2019\/10\/IMG_7688.jpg\" data-elementor-open-lightbox=\"default\" data-elementor-lightbox-slideshow=\"8422fa3\" data-elementor-lightbox-index=\"7\"><\/p>\n<figure><img decoding=\"async\" src=\"https:\/\/mauroweb.cl\/wp-content\/uploads\/2019\/10\/IMG_7688-150x150.jpg\" alt=\"IMG_7688\"><\/figure>\n<p><\/a><a href=\"https:\/\/mauroweb.cl\/wp-content\/uploads\/2019\/10\/IMG_7688.jpg\" data-elementor-open-lightbox=\"default\" data-elementor-lightbox-slideshow=\"8422fa3\" data-elementor-lightbox-index=\"7\"><\/a><a href=\"https:\/\/mauroweb.cl\/wp-content\/uploads\/2019\/10\/IMG_8210.jpg\" data-elementor-open-lightbox=\"default\" data-elementor-lightbox-slideshow=\"8422fa3\" data-elementor-lightbox-index=\"8\"><\/a><\/p>\n<p><a href=\"https:\/\/mauroweb.cl\/wp-content\/uploads\/2019\/10\/IMG_8210.jpg\" data-elementor-open-lightbox=\"default\" data-elementor-lightbox-slideshow=\"8422fa3\" data-elementor-lightbox-index=\"8\"><\/p>\n<figure><img decoding=\"async\" src=\"https:\/\/mauroweb.cl\/wp-content\/uploads\/2019\/10\/IMG_8210-150x150.jpg\" alt=\"IMG_8210\"><\/figure>\n<p><\/a><a href=\"https:\/\/mauroweb.cl\/wp-content\/uploads\/2019\/10\/IMG_8210.jpg\" data-elementor-open-lightbox=\"default\" data-elementor-lightbox-slideshow=\"8422fa3\" data-elementor-lightbox-index=\"8\"><\/a><a href=\"https:\/\/mauroweb.cl\/wp-content\/uploads\/2019\/10\/IMG_8772.jpg\" data-elementor-open-lightbox=\"default\" data-elementor-lightbox-slideshow=\"8422fa3\" data-elementor-lightbox-index=\"9\"><\/a><\/p>\n<p><a href=\"https:\/\/mauroweb.cl\/wp-content\/uploads\/2019\/10\/IMG_8772.jpg\" data-elementor-open-lightbox=\"default\" data-elementor-lightbox-slideshow=\"8422fa3\" data-elementor-lightbox-index=\"9\"><\/p>\n<figure><img decoding=\"async\" src=\"https:\/\/mauroweb.cl\/wp-content\/uploads\/2019\/10\/IMG_8772-150x150.jpg\" alt=\"IMG_8772\"><\/figure>\n<p><\/a><a href=\"https:\/\/mauroweb.cl\/wp-content\/uploads\/2019\/10\/IMG_8772.jpg\" data-elementor-open-lightbox=\"default\" data-elementor-lightbox-slideshow=\"8422fa3\" data-elementor-lightbox-index=\"9\"><\/a><a href=\"https:\/\/mauroweb.cl\/wp-content\/uploads\/2019\/10\/IMG_9579.jpg\" data-elementor-open-lightbox=\"default\" data-elementor-lightbox-slideshow=\"8422fa3\" data-elementor-lightbox-index=\"10\"><\/a><\/p>\n<p><a href=\"https:\/\/mauroweb.cl\/wp-content\/uploads\/2019\/10\/IMG_9579.jpg\" data-elementor-open-lightbox=\"default\" data-elementor-lightbox-slideshow=\"8422fa3\" data-elementor-lightbox-index=\"10\"><\/p>\n<figure><img decoding=\"async\" src=\"https:\/\/mauroweb.cl\/wp-content\/uploads\/2019\/10\/IMG_9579-150x150.jpg\" alt=\"IMG_9579\"><\/figure>\n<p><\/a><a href=\"https:\/\/mauroweb.cl\/wp-content\/uploads\/2019\/10\/IMG_9579.jpg\" data-elementor-open-lightbox=\"default\" data-elementor-lightbox-slideshow=\"8422fa3\" data-elementor-lightbox-index=\"10\"><\/a><a href=\"https:\/\/mauroweb.cl\/wp-content\/uploads\/2019\/10\/IMG_4245.png\" data-elementor-open-lightbox=\"default\" data-elementor-lightbox-slideshow=\"8422fa3\" data-elementor-lightbox-index=\"11\"><\/a><\/p>\n<p><a href=\"https:\/\/mauroweb.cl\/wp-content\/uploads\/2019\/10\/IMG_4245.png\" data-elementor-open-lightbox=\"default\" data-elementor-lightbox-slideshow=\"8422fa3\" data-elementor-lightbox-index=\"11\"><\/p>\n<figure><img decoding=\"async\" src=\"https:\/\/mauroweb.cl\/wp-content\/uploads\/2019\/10\/IMG_4245-150x150.png\" alt=\"IMG_4245\"><\/figure>\n<p><\/a><a href=\"https:\/\/mauroweb.cl\/wp-content\/uploads\/2019\/10\/IMG_4245.png\" data-elementor-open-lightbox=\"default\" data-elementor-lightbox-slideshow=\"8422fa3\" data-elementor-lightbox-index=\"11\"><\/a><a href=\"https:\/\/mauroweb.cl\/wp-content\/uploads\/2019\/10\/IMG_4386.jpg\" data-elementor-open-lightbox=\"default\" data-elementor-lightbox-slideshow=\"8422fa3\" data-elementor-lightbox-index=\"12\"><\/a><\/p>\n<p><a href=\"https:\/\/mauroweb.cl\/wp-content\/uploads\/2019\/10\/IMG_4386.jpg\" data-elementor-open-lightbox=\"default\" data-elementor-lightbox-slideshow=\"8422fa3\" data-elementor-lightbox-index=\"12\"><\/p>\n<figure><img decoding=\"async\" src=\"https:\/\/mauroweb.cl\/wp-content\/uploads\/2019\/10\/IMG_4386-150x150.jpg\" alt=\"IMG_4386\"><\/figure>\n<p><\/a><a href=\"https:\/\/mauroweb.cl\/wp-content\/uploads\/2019\/10\/IMG_4386.jpg\" data-elementor-open-lightbox=\"default\" data-elementor-lightbox-slideshow=\"8422fa3\" data-elementor-lightbox-index=\"12\"><\/a><br \/>\nPrevious<br \/>\nNext<\/p>\n","protected":false},"excerpt":{"rendered":"<p>Embajada Indonesia&nbsp;Fiesta Gala Colegio Manquecura (quilicura)&nbsp;&nbsp;70 a\u00f1os INDURA&nbsp;Matrimonio Ana &amp; Daniel Audio, Iluminaci\u00f3n, Pantallas led, Robot Led, VJ y DJ de todo para tu fiesta, evento, matrimonio, graduaci\u00f3n o lo que desees. Previous Next<\/p>\n","protected":false},"author":1,"featured_media":0,"parent":0,"menu_order":0,"comment_status":"closed","ping_status":"closed","template":"","meta":{"_et_pb_use_builder":"","_et_pb_old_content":"","_et_gb_content_width":"","footnotes":""},"class_list":["post-37","page","type-page","status-publish","hentry"],"_links":{"self":[{"href":"https:\/\/mauroweb.cl\/index.php\/wp-json\/wp\/v2\/pages\/37","targetHints":{"allow":["GET"]}}],"collection":[{"href":"https:\/\/mauroweb.cl\/index.php\/wp-json\/wp\/v2\/pages"}],"about":[{"href":"https:\/\/mauroweb.cl\/index.php\/wp-json\/wp\/v2\/types\/page"}],"author":[{"embeddable":true,"href":"https:\/\/mauroweb.cl\/index.php\/wp-json\/wp\/v2\/users\/1"}],"replies":[{"embeddable":true,"href":"https:\/\/mauroweb.cl\/index.php\/wp-json\/wp\/v2\/comments?post=37"}],"version-history":[{"count":26,"href":"https:\/\/mauroweb.cl\/index.php\/wp-json\/wp\/v2\/pages\/37\/revisions"}],"predecessor-version":[{"id":259,"href":"https:\/\/mauroweb.cl\/index.php\/wp-json\/wp\/v2\/pages\/37\/revisions\/259"}],"wp:attachment":[{"href":"https:\/\/mauroweb.cl\/index.php\/wp-json\/wp\/v2\/media?parent=37"}],"curies":[{"name":"wp","href":"https:\/\/api.w.org\/{rel}","templated":true}]}}