{"id":40,"date":"2017-03-04T04:06:07","date_gmt":"2017-03-04T04:06:07","guid":{"rendered":"http:\/\/mauroweb.cl\/?page_id=40"},"modified":"2017-03-04T04:07:54","modified_gmt":"2017-03-04T04:07:54","slug":"soporte","status":"publish","type":"page","link":"https:\/\/mauroweb.cl\/index.php\/soporte\/","title":{"rendered":"Soporte"},"content":{"rendered":"<h2 id=\"imPgTitle\">\u00a0<img loading=\"lazy\" decoding=\"async\" class=\"image-0 aligncenter\" title=\"\" src=\"https:\/\/mauroweb.cl\/images\/contactenos.jpg\" alt=\"\" width=\"510\" height=\"153\" \/><\/h2>\n<div id=\"imGroup_1\" class=\"imVGroup\">\n<div id=\"imGroup_2\" class=\"imHGroup\">\n<div id=\"imCell_1\">\n<div id=\"imCellStyle_1\">\n<div id=\"imTextObject_1\">\n<div id=\"imTextObject_1_tab0\" class=\"text-tab-content\">\n<div class=\"text-inner\">\n<div style=\"text-align: justify;\"><strong class=\"fs16 cf1\">Reparaciones &amp; Recuperaci\u00f3n<\/strong><\/div>\n<div style=\"text-align: justify;\">\n<ul>\n<li><span class=\"fs16 cf1 ff1\">Formateo de PC, Notebook, Netbook, cambios de piezas, actulizaci\u00f3n de memoria.<\/span><\/li>\n<li><span class=\"fs16 cf1 ff1\">Notebook\u2019s Reaparacion Hardware, fallas de video, chipset, memorias, discos duros.<\/span><\/li>\n<li><span class=\"fs16 cf1 ff1\">\u00bfOlvid\u00f3 su clave de acceso?, La recuperamos.<\/span><\/li>\n<li><span class=\"fs16 cf1 ff1\">Recuperaci\u00f3n informaci\u00f3n borrada, en discos duros, o camaras digitales.<\/span><\/li>\n<\/ul>\n<\/div>\n<div style=\"text-align: justify;\"><strong class=\"fs16 cf1\">Instalaci\u00f3n de Redes Wifi<br \/>\n<\/strong><\/div>\n<div style=\"text-align: justify;\">\n<ul>\n<li><span class=\"fs16 cf1 ff1\">Instalaci\u00f3n y configuraci\u00f3n de Router inalambrico wi-fi, switch, cableado, puntos de red.<\/span><\/li>\n<li><span class=\"fs16 cf1 ff1\">Montaje de redes computacionales en oficinas, compartir internet, datos e impresoras.<\/span><\/li>\n<\/ul>\n<\/div>\n<div style=\"text-align: justify;\">\n<div><span class=\"fs16 cf1\">\u2013 Reparaci\u00f3n de Computadores todas las Marcas<\/span><\/div>\n<div class=\"fs16\">\n<div><span class=\"fs16 cf1\">\u2013 Reparaci\u00f3n de Notebook<\/span><\/div>\n<div><span class=\"fs16 cf1\">\u2013 Cambio de Sistema Operativo Pc y Notebook<\/span><\/div>\n<div><span class=\"fs16 cf1\">\u2013 Formateos de Pc y Notebook<\/span><\/div>\n<div><span class=\"fs16 cf1\">\u2013 Reemplazo de Partes y Piezas Pc<\/span><\/div>\n<div><span class=\"fs16 cf1\">\u2013 Armado de Computadores a Pedido Pc<\/span><\/div>\n<div><span class=\"fs16 cf1\">\u2013 Respaldo de Archivos<\/span><\/div>\n<div><span class=\"fs16 cf1\">\u2013 Traspasos de Archivos<\/span><\/div>\n<div><span class=\"fs16 cf1\">\u2013 Soluci\u00f3n de Problemas de Virus<\/span><\/div>\n<div><span class=\"fs16 cf1\">\u2013 Instalaciones Wi-Fi<\/span><\/div>\n<div><span class=\"fs16 cf1\">\u2013 Configuraci\u00f3n de Routers<\/span><\/div>\n<div><span class=\"fs16 cf1\">\u2013 Redes para Microempresas y Hogar<\/span><\/div>\n<div><span class=\"fs16 cf1\">\u2013 Servicio T\u00e9cnico a Domicilio y en Taller en Maipu y \u00d1u\u00f1oa<\/span><\/div>\n<div><span class=\"fs16 cf1\">\u2013 Servicios solo para Santiago<\/span><\/div>\n<div><span class=\"fs16 cf1\">\u2013 S\u00e1bados y Domingos se atiende dependiendo de disponibilidad ( con recargo )<\/span><\/div>\n<\/div>\n<\/div>\n<\/div>\n<\/div>\n<\/div>\n<\/div>\n<\/div>\n<div id=\"imCell_2\">\n<div id=\"imCellStyleGraphics_2\" style=\"text-align: justify;\"><\/div>\n<div id=\"imCellStyle_2\" style=\"text-align: justify;\"><img decoding=\"async\" id=\"imObjectImage_2\" class=\"aligncenter\" title=\"\" src=\"https:\/\/mauroweb.cl\/images\/salvavidas.png\" alt=\"\" \/><\/div>\n<\/div>\n<\/div>\n<\/div>\n","protected":false},"excerpt":{"rendered":"<p>\u00a0 Reparaciones &amp; Recuperaci\u00f3n Formateo de PC, Notebook, Netbook, cambios de piezas, actulizaci\u00f3n de memoria. Notebook\u2019s Reaparacion Hardware, fallas de video, chipset, memorias, discos duros. \u00bfOlvid\u00f3 su clave de acceso?, La recuperamos. Recuperaci\u00f3n informaci\u00f3n borrada, en discos duros, o camaras digitales. Instalaci\u00f3n de Redes Wifi Instalaci\u00f3n y configuraci\u00f3n de Router inalambrico wi-fi, switch, cableado, puntos [&hellip;]<\/p>\n","protected":false},"author":1,"featured_media":0,"parent":0,"menu_order":0,"comment_status":"closed","ping_status":"closed","template":"","meta":{"_et_pb_use_builder":"","_et_pb_old_content":"","_et_gb_content_width":"","footnotes":""},"class_list":["post-40","page","type-page","status-publish","hentry"],"_links":{"self":[{"href":"https:\/\/mauroweb.cl\/index.php\/wp-json\/wp\/v2\/pages\/40","targetHints":{"allow":["GET"]}}],"collection":[{"href":"https:\/\/mauroweb.cl\/index.php\/wp-json\/wp\/v2\/pages"}],"about":[{"href":"https:\/\/mauroweb.cl\/index.php\/wp-json\/wp\/v2\/types\/page"}],"author":[{"embeddable":true,"href":"https:\/\/mauroweb.cl\/index.php\/wp-json\/wp\/v2\/users\/1"}],"replies":[{"embeddable":true,"href":"https:\/\/mauroweb.cl\/index.php\/wp-json\/wp\/v2\/comments?post=40"}],"version-history":[{"count":4,"href":"https:\/\/mauroweb.cl\/index.php\/wp-json\/wp\/v2\/pages\/40\/revisions"}],"predecessor-version":[{"id":45,"href":"https:\/\/mauroweb.cl\/index.php\/wp-json\/wp\/v2\/pages\/40\/revisions\/45"}],"wp:attachment":[{"href":"https:\/\/mauroweb.cl\/index.php\/wp-json\/wp\/v2\/media?parent=40"}],"curies":[{"name":"wp","href":"https:\/\/api.w.org\/{rel}","templated":true}]}}